{"id":7,"date":"2010-11-04T18:27:41","date_gmt":"2010-11-04T18:27:41","guid":{"rendered":"http:\/\/www.encontralondrina.com.br\/noticias\/?page_id=7"},"modified":"2013-08-16T12:45:49","modified_gmt":"2013-08-16T15:45:49","slug":"envie-noticia","status":"publish","type":"page","link":"https:\/\/www.encontralondrina.com.br\/sobre\/envie-noticia\/","title":{"rendered":"Envie not\u00edcia"},"content":{"rendered":"<div class=\"20f7a36017fb0139340a73e5f7536afb\" data-index=\"1\" style=\"float: none; margin:5px 0 5px 0; text-align:center;\">\n<!-- PUB 73 - Responsivo Horizontal -->\r\n<ins class=\"adsbygoogle\"\r\n     style=\"display:block\"\r\n     data-ad-client=\"ca-pub-7321736592693252\"\r\n     data-ad-slot=\"3087950420\"\r\n     data-ad-format=\"auto\"\r\n     data-full-width-responsive=\"true\"><\/ins>\r\n<script>\r\n     (adsbygoogle = window.adsbygoogle || []).push({});\r\n<\/script>\n<\/div>\n<div>\n<div>\n<div>\n<p>Qualquer pessoa ou institui\u00e7\u00e3o pode participar do blog enviando:<\/p>\n<p><strong>\u00bb Not\u00edcias: <\/strong>qualquer assunto ou not\u00edcia relevante relacionado a cidade.<br \/>\n<strong>\u00bb Eventos e Cursos:<\/strong> feiras, shows ou qualquer outro evento na cidade.<br \/>\n<strong>\u00bb Recomenda\u00e7\u00f5es:<\/strong> dicas de com\u00e9rcios, servi\u00e7os ou lazer na cidade.<br \/>\n<strong>\u00bb Sugest\u00f5es e Reclama\u00e7\u00f5es:<\/strong> fatos que dizem respeito a cidade.<br \/>\n<strong>\u00bb Espa\u00e7o Morador:<\/strong> assuntos ou ideias a serem implantadas na cidade.<\/p>\n<p><strong>COMO ENVIAR NOT\u00cdCIAS:\u2026\u2026\u2026\u2026\u2026\u2026\u2026\u2026\u2026\u2026\u2026\u2026\u2026\u2026\u2026\u2026\u2026\u2026\u2026\u2026\u2026<\/strong><\/p>\n<p>O e-mail para envio \u00e9:\u00a0<\/p>\n<\/div>\n<\/div>\n<\/div>\n\n<div style=\"font-size: 0px; height: 0px; line-height: 0px; margin: 0; padding: 0; clear: both;\"><\/div>","protected":false},"excerpt":{"rendered":"<p>Qualquer pessoa ou institui\u00e7\u00e3o pode participar do blog enviando: \u00bb Not\u00edcias: qualquer assunto ou not\u00edcia relevante relacionado a cidade. \u00bb Eventos e Cursos: feiras, shows ou qualquer outro evento na cidade. \u00bb Recomenda\u00e7\u00f5es: dicas de com\u00e9rcios, servi\u00e7os ou lazer na cidade. \u00bb Sugest\u00f5es e Reclama\u00e7\u00f5es: fatos que dizem respeito a cidade. \u00bb Espa\u00e7o Morador: assuntos ou ideias a serem implantadas na cidade. COMO ENVIAR NOT\u00cdCIAS:\u2026\u2026\u2026\u2026\u2026\u2026\u2026\u2026\u2026\u2026\u2026\u2026\u2026\u2026\u2026\u2026\u2026\u2026\u2026\u2026\u2026 O e-mail para envio \u00e9:\u00a0<\/p>\n","protected":false},"author":1,"featured_media":0,"parent":0,"menu_order":0,"comment_status":"closed","ping_status":"closed","template":"","meta":{"footnotes":""},"yoast_head":"<!-- This site is optimized with the Yoast SEO plugin v22.2 - https:\/\/yoast.com\/wordpress\/plugins\/seo\/ -->\n<title>Envie not\u00edcia - Encontra Londrina<\/title>\n<meta name=\"robots\" content=\"index, follow, max-snippet:-1, max-image-preview:large, max-video-preview:-1\" \/>\n<link rel=\"canonical\" href=\"https:\/\/www.encontralondrina.com.br\/sobre\/envie-noticia\/\" \/>\n<meta property=\"og:locale\" content=\"pt_BR\" \/>\n<meta property=\"og:type\" content=\"article\" \/>\n<meta property=\"og:title\" content=\"Envie not\u00edcia - Encontra Londrina\" \/>\n<meta property=\"og:description\" content=\"Qualquer pessoa ou institui\u00e7\u00e3o pode participar do blog enviando: \u00bb Not\u00edcias: qualquer assunto ou not\u00edcia relevante relacionado a cidade. \u00bb Eventos e Cursos: feiras, shows ou qualquer outro evento na cidade. \u00bb Recomenda\u00e7\u00f5es: dicas de com\u00e9rcios, servi\u00e7os ou lazer na cidade. \u00bb Sugest\u00f5es e Reclama\u00e7\u00f5es: fatos que dizem respeito a cidade. \u00bb Espa\u00e7o Morador: assuntos ou ideias a serem implantadas na cidade. COMO ENVIAR NOT\u00cdCIAS:\u2026\u2026\u2026\u2026\u2026\u2026\u2026\u2026\u2026\u2026\u2026\u2026\u2026\u2026\u2026\u2026\u2026\u2026\u2026\u2026\u2026 O e-mail para envio \u00e9:\u00a0\" \/>\n<meta property=\"og:url\" content=\"https:\/\/www.encontralondrina.com.br\/sobre\/envie-noticia\/\" \/>\n<meta property=\"og:site_name\" content=\"Encontra Londrina\" \/>\n<meta property=\"article:modified_time\" content=\"2013-08-16T15:45:49+00:00\" \/>\n<meta name=\"twitter:card\" content=\"summary_large_image\" \/>\n<script type=\"application\/ld+json\" class=\"yoast-schema-graph\">{\"@context\":\"https:\/\/schema.org\",\"@graph\":[{\"@type\":\"WebPage\",\"@id\":\"https:\/\/www.encontralondrina.com.br\/sobre\/envie-noticia\/\",\"url\":\"https:\/\/www.encontralondrina.com.br\/sobre\/envie-noticia\/\",\"name\":\"Envie not\u00edcia - Encontra Londrina\",\"isPartOf\":{\"@id\":\"https:\/\/www.encontralondrina.com.br\/sobre\/#website\"},\"datePublished\":\"2010-11-04T18:27:41+00:00\",\"dateModified\":\"2013-08-16T15:45:49+00:00\",\"breadcrumb\":{\"@id\":\"https:\/\/www.encontralondrina.com.br\/sobre\/envie-noticia\/#breadcrumb\"},\"inLanguage\":\"pt-BR\",\"potentialAction\":[{\"@type\":\"ReadAction\",\"target\":[\"https:\/\/www.encontralondrina.com.br\/sobre\/envie-noticia\/\"]}]},{\"@type\":\"BreadcrumbList\",\"@id\":\"https:\/\/www.encontralondrina.com.br\/sobre\/envie-noticia\/#breadcrumb\",\"itemListElement\":[{\"@type\":\"ListItem\",\"position\":1,\"name\":\"In\u00edcio\",\"item\":\"https:\/\/www.encontralondrina.com.br\/sobre\/\"},{\"@type\":\"ListItem\",\"position\":2,\"name\":\"Envie not\u00edcia\"}]},{\"@type\":\"WebSite\",\"@id\":\"https:\/\/www.encontralondrina.com.br\/sobre\/#website\",\"url\":\"https:\/\/www.encontralondrina.com.br\/sobre\/\",\"name\":\"Encontra Londrina\",\"description\":\"Not\u00edcias, eventos, informa\u00e7\u00f5es e dicas da cidade de Londrina e regi\u00e3o\",\"potentialAction\":[{\"@type\":\"SearchAction\",\"target\":{\"@type\":\"EntryPoint\",\"urlTemplate\":\"https:\/\/www.encontralondrina.com.br\/sobre\/?s={search_term_string}\"},\"query-input\":\"required name=search_term_string\"}],\"inLanguage\":\"pt-BR\"}]}<\/script>\n<!-- \/ Yoast SEO plugin. -->","yoast_head_json":{"title":"Envie not\u00edcia - Encontra Londrina","robots":{"index":"index","follow":"follow","max-snippet":"max-snippet:-1","max-image-preview":"max-image-preview:large","max-video-preview":"max-video-preview:-1"},"canonical":"https:\/\/www.encontralondrina.com.br\/sobre\/envie-noticia\/","og_locale":"pt_BR","og_type":"article","og_title":"Envie not\u00edcia - Encontra Londrina","og_description":"Qualquer pessoa ou institui\u00e7\u00e3o pode participar do blog enviando: \u00bb Not\u00edcias: qualquer assunto ou not\u00edcia relevante relacionado a cidade. \u00bb Eventos e Cursos: feiras, shows ou qualquer outro evento na cidade. \u00bb Recomenda\u00e7\u00f5es: dicas de com\u00e9rcios, servi\u00e7os ou lazer na cidade. \u00bb Sugest\u00f5es e Reclama\u00e7\u00f5es: fatos que dizem respeito a cidade. \u00bb Espa\u00e7o Morador: assuntos ou ideias a serem implantadas na cidade. COMO ENVIAR NOT\u00cdCIAS:\u2026\u2026\u2026\u2026\u2026\u2026\u2026\u2026\u2026\u2026\u2026\u2026\u2026\u2026\u2026\u2026\u2026\u2026\u2026\u2026\u2026 O e-mail para envio \u00e9:\u00a0","og_url":"https:\/\/www.encontralondrina.com.br\/sobre\/envie-noticia\/","og_site_name":"Encontra Londrina","article_modified_time":"2013-08-16T15:45:49+00:00","twitter_card":"summary_large_image","schema":{"@context":"https:\/\/schema.org","@graph":[{"@type":"WebPage","@id":"https:\/\/www.encontralondrina.com.br\/sobre\/envie-noticia\/","url":"https:\/\/www.encontralondrina.com.br\/sobre\/envie-noticia\/","name":"Envie not\u00edcia - Encontra Londrina","isPartOf":{"@id":"https:\/\/www.encontralondrina.com.br\/sobre\/#website"},"datePublished":"2010-11-04T18:27:41+00:00","dateModified":"2013-08-16T15:45:49+00:00","breadcrumb":{"@id":"https:\/\/www.encontralondrina.com.br\/sobre\/envie-noticia\/#breadcrumb"},"inLanguage":"pt-BR","potentialAction":[{"@type":"ReadAction","target":["https:\/\/www.encontralondrina.com.br\/sobre\/envie-noticia\/"]}]},{"@type":"BreadcrumbList","@id":"https:\/\/www.encontralondrina.com.br\/sobre\/envie-noticia\/#breadcrumb","itemListElement":[{"@type":"ListItem","position":1,"name":"In\u00edcio","item":"https:\/\/www.encontralondrina.com.br\/sobre\/"},{"@type":"ListItem","position":2,"name":"Envie not\u00edcia"}]},{"@type":"WebSite","@id":"https:\/\/www.encontralondrina.com.br\/sobre\/#website","url":"https:\/\/www.encontralondrina.com.br\/sobre\/","name":"Encontra Londrina","description":"Not\u00edcias, eventos, informa\u00e7\u00f5es e dicas da cidade de Londrina e regi\u00e3o","potentialAction":[{"@type":"SearchAction","target":{"@type":"EntryPoint","urlTemplate":"https:\/\/www.encontralondrina.com.br\/sobre\/?s={search_term_string}"},"query-input":"required name=search_term_string"}],"inLanguage":"pt-BR"}]}},"_links":{"self":[{"href":"https:\/\/www.encontralondrina.com.br\/sobre\/wp-json\/wp\/v2\/pages\/7"}],"collection":[{"href":"https:\/\/www.encontralondrina.com.br\/sobre\/wp-json\/wp\/v2\/pages"}],"about":[{"href":"https:\/\/www.encontralondrina.com.br\/sobre\/wp-json\/wp\/v2\/types\/page"}],"author":[{"embeddable":true,"href":"https:\/\/www.encontralondrina.com.br\/sobre\/wp-json\/wp\/v2\/users\/1"}],"replies":[{"embeddable":true,"href":"https:\/\/www.encontralondrina.com.br\/sobre\/wp-json\/wp\/v2\/comments?post=7"}],"version-history":[{"count":4,"href":"https:\/\/www.encontralondrina.com.br\/sobre\/wp-json\/wp\/v2\/pages\/7\/revisions"}],"predecessor-version":[{"id":169,"href":"https:\/\/www.encontralondrina.com.br\/sobre\/wp-json\/wp\/v2\/pages\/7\/revisions\/169"}],"wp:attachment":[{"href":"https:\/\/www.encontralondrina.com.br\/sobre\/wp-json\/wp\/v2\/media?parent=7"}],"curies":[{"name":"wp","href":"https:\/\/api.w.org\/{rel}","templated":true}]}}